{"id":15,"date":"2020-05-19T11:50:47","date_gmt":"2020-05-19T09:50:47","guid":{"rendered":"http:\/\/inimeo.atomproductions.at\/?page_id=15"},"modified":"2020-06-12T15:30:44","modified_gmt":"2020-06-12T13:30:44","slug":"die-iseries","status":"publish","type":"page","link":"https:\/\/www.inimeo.at\/?page_id=15","title":{"rendered":"Die iSeries"},"content":{"rendered":"\t\t<div data-elementor-type=\"wp-page\" data-elementor-id=\"15\" class=\"elementor elementor-15\">\n\t\t\t\t\t\t<section class=\"elementor-section elementor-top-section elementor-element elementor-element-b98b89f elementor-section-boxed elementor-section-height-default elementor-section-height-default\" data-id=\"b98b89f\" data-element_type=\"section\">\n\t\t\t\t\t\t<div class=\"elementor-container elementor-column-gap-default\">\n\t\t\t\t\t<div class=\"elementor-column elementor-col-100 elementor-top-column elementor-element elementor-element-2441840\" data-id=\"2441840\" data-element_type=\"column\">\n\t\t\t<div class=\"elementor-widget-wrap elementor-element-populated\">\n\t\t\t\t\t\t<div class=\"elementor-element elementor-element-c866fc9 elementor-widget elementor-widget-heading\" data-id=\"c866fc9\" data-element_type=\"widget\" data-widget_type=\"heading.default\">\n\t\t\t\t<div class=\"elementor-widget-container\">\n\t\t\t<h2 class=\"elementor-heading-title elementor-size-large\">Die iSeries ist tot - lang lebe die iSeries<\/h2>\t\t<\/div>\n\t\t\t\t<\/div>\n\t\t\t\t\t<\/div>\n\t\t<\/div>\n\t\t\t\t\t<\/div>\n\t\t<\/section>\n\t\t\t\t<section class=\"elementor-section elementor-top-section elementor-element elementor-element-b8af576 elementor-section-boxed elementor-section-height-default elementor-section-height-default\" data-id=\"b8af576\" data-element_type=\"section\">\n\t\t\t\t\t\t<div class=\"elementor-container elementor-column-gap-default\">\n\t\t\t\t\t<div class=\"elementor-column elementor-col-100 elementor-top-column elementor-element elementor-element-d5f1617\" data-id=\"d5f1617\" data-element_type=\"column\">\n\t\t\t<div class=\"elementor-widget-wrap elementor-element-populated\">\n\t\t\t\t\t\t<div class=\"elementor-element elementor-element-ae60d80 elementor-widget elementor-widget-text-editor\" data-id=\"ae60d80\" data-element_type=\"widget\" data-widget_type=\"text-editor.default\">\n\t\t\t\t<div class=\"elementor-widget-container\">\n\t\t\t\t\t\t\t<p>Die <strong>IBM Serie i (AS\/400)<\/strong> wurde in den 80er Jahren auf den Markt gebracht und ist aufgrund der <strong>hervorragenden Performance<\/strong>, der gro\u00dfen <strong>Stabilit\u00e4t<\/strong> und der <strong>Intergrierbarkeit<\/strong> in diversen Serverlandschaften auch heute noch weit verbreitet.<\/p><p>Die AS\/400 ist geeignet, mit <strong>geringen Personalressourcen<\/strong> Anwendungen entwickeln und betreiben zu k\u00f6nnen. Seit der Markteinf\u00fchrung ist eine ganze Generation von IT-Experten f\u00fcr die iSeries t\u00e4tig, die nun vor dem wohlverdienten Ruhestand steht.<\/p><p>Viele Unternehmen haben in den vergangenen Jahrzehnten erhebliche Summen und gro\u00dfen Aufwand in ihre iSeries-Anwendungen investiert, um <strong>Businessprozesse optimal abzubilden<\/strong>. Ein Teil dieser Firmen steht nun vor der Situation, eine iSeries-Anwendung aufgrund des <strong>Spezialistenmangels<\/strong> durch ein neues System abl\u00f6sen zu m\u00fcssen.<\/p><p>Um diese Investition zu sch\u00fctzen, haben wir uns auf die <strong>Neu- und Weiterentwicklung<\/strong> sowie die Betreuung von iSeries-Anwendungen spezialisiert. Auch wenn es um die Kombination von iSeries mit modernen Technologien und die Schulung von Mitarbeitern geht, finden Unternehmen aus den unterschiedlichsten Branchen in uns den perfekten Partner.<\/p>\t\t\t\t\t\t<\/div>\n\t\t\t\t<\/div>\n\t\t\t\t\t<\/div>\n\t\t<\/div>\n\t\t\t\t\t<\/div>\n\t\t<\/section>\n\t\t\t\t<section class=\"elementor-section elementor-top-section elementor-element elementor-element-9eb4ff6 elementor-section-boxed elementor-section-height-default elementor-section-height-default\" data-id=\"9eb4ff6\" data-element_type=\"section\">\n\t\t\t\t\t\t<div class=\"elementor-container elementor-column-gap-default\">\n\t\t\t\t\t<div class=\"elementor-column elementor-col-100 elementor-top-column elementor-element elementor-element-b712a7f\" data-id=\"b712a7f\" data-element_type=\"column\">\n\t\t\t<div class=\"elementor-widget-wrap elementor-element-populated\">\n\t\t\t\t\t\t<div class=\"elementor-element elementor-element-58b3d66 elementor-widget elementor-widget-heading\" data-id=\"58b3d66\" data-element_type=\"widget\" data-widget_type=\"heading.default\">\n\t\t\t\t<div class=\"elementor-widget-container\">\n\t\t\t<h2 class=\"elementor-heading-title elementor-size-medium\"><a href=\"https:\/\/www.inimeo.at\/?page_id=17\">Spezialistenmangel? - Wir sind f\u00fcr Sie da!<\/a><\/h2>\t\t<\/div>\n\t\t\t\t<\/div>\n\t\t\t\t\t<\/div>\n\t\t<\/div>\n\t\t\t\t\t<\/div>\n\t\t<\/section>\n\t\t\t\t<\/div>\n\t\t","protected":false},"excerpt":{"rendered":"<p>Die iSeries ist tot &#8211; lang lebe die iSeries Die IBM Serie i (AS\/400) wurde in den 80er Jahren auf den Markt gebracht und ist aufgrund der hervorragenden Performance, der gro\u00dfen Stabilit\u00e4t und der Intergrierbarkeit in diversen Serverlandschaften auch heute noch weit verbreitet. Die AS\/400 ist geeignet, mit geringen Personalressourcen Anwendungen entwickeln und betreiben zu [&hellip;]<\/p>\n","protected":false},"author":1,"featured_media":0,"parent":0,"menu_order":0,"comment_status":"closed","ping_status":"closed","template":"","meta":{"ocean_post_layout":"full-width","ocean_both_sidebars_style":"","ocean_both_sidebars_content_width":0,"ocean_both_sidebars_sidebars_width":0,"ocean_sidebar":"0","ocean_second_sidebar":"0","ocean_disable_margins":"enable","ocean_add_body_class":"","ocean_shortcode_before_top_bar":"","ocean_shortcode_after_top_bar":"","ocean_shortcode_before_header":"","ocean_shortcode_after_header":"","ocean_has_shortcode":"","ocean_shortcode_after_title":"","ocean_shortcode_before_footer_widgets":"","ocean_shortcode_after_footer_widgets":"","ocean_shortcode_before_footer_bottom":"","ocean_shortcode_after_footer_bottom":"","ocean_display_top_bar":"default","ocean_display_header":"default","ocean_header_style":"","ocean_center_header_left_menu":"0","ocean_custom_header_template":"0","ocean_custom_logo":0,"ocean_custom_retina_logo":0,"ocean_custom_logo_max_width":0,"ocean_custom_logo_tablet_max_width":0,"ocean_custom_logo_mobile_max_width":0,"ocean_custom_logo_max_height":0,"ocean_custom_logo_tablet_max_height":0,"ocean_custom_logo_mobile_max_height":0,"ocean_header_custom_menu":"0","ocean_menu_typo_font_family":"0","ocean_menu_typo_font_subset":"","ocean_menu_typo_font_size":0,"ocean_menu_typo_font_size_tablet":0,"ocean_menu_typo_font_size_mobile":0,"ocean_menu_typo_font_size_unit":"px","ocean_menu_typo_font_weight":"","ocean_menu_typo_font_weight_tablet":"","ocean_menu_typo_font_weight_mobile":"","ocean_menu_typo_transform":"","ocean_menu_typo_transform_tablet":"","ocean_menu_typo_transform_mobile":"","ocean_menu_typo_line_height":0,"ocean_menu_typo_line_height_tablet":0,"ocean_menu_typo_line_height_mobile":0,"ocean_menu_typo_line_height_unit":"","ocean_menu_typo_spacing":0,"ocean_menu_typo_spacing_tablet":0,"ocean_menu_typo_spacing_mobile":0,"ocean_menu_typo_spacing_unit":"","ocean_menu_link_color":"","ocean_menu_link_color_hover":"","ocean_menu_link_color_active":"","ocean_menu_link_background":"","ocean_menu_link_hover_background":"","ocean_menu_link_active_background":"","ocean_menu_social_links_bg":"","ocean_menu_social_hover_links_bg":"","ocean_menu_social_links_color":"","ocean_menu_social_hover_links_color":"","ocean_disable_title":"on","ocean_disable_heading":"default","ocean_post_title":"","ocean_post_subheading":"","ocean_post_title_style":"","ocean_post_title_background_color":"","ocean_post_title_background":0,"ocean_post_title_bg_image_position":"","ocean_post_title_bg_image_attachment":"","ocean_post_title_bg_image_repeat":"","ocean_post_title_bg_image_size":"","ocean_post_title_height":0,"ocean_post_title_bg_overlay":0.5,"ocean_post_title_bg_overlay_color":"","ocean_disable_breadcrumbs":"off","ocean_breadcrumbs_color":"","ocean_breadcrumbs_separator_color":"","ocean_breadcrumbs_links_color":"","ocean_breadcrumbs_links_hover_color":"","ocean_display_footer_widgets":"default","ocean_display_footer_bottom":"default","ocean_custom_footer_template":"0","footnotes":""},"_links":{"self":[{"href":"https:\/\/www.inimeo.at\/index.php?rest_route=\/wp\/v2\/pages\/15"}],"collection":[{"href":"https:\/\/www.inimeo.at\/index.php?rest_route=\/wp\/v2\/pages"}],"about":[{"href":"https:\/\/www.inimeo.at\/index.php?rest_route=\/wp\/v2\/types\/page"}],"author":[{"embeddable":true,"href":"https:\/\/www.inimeo.at\/index.php?rest_route=\/wp\/v2\/users\/1"}],"replies":[{"embeddable":true,"href":"https:\/\/www.inimeo.at\/index.php?rest_route=%2Fwp%2Fv2%2Fcomments&post=15"}],"version-history":[{"count":7,"href":"https:\/\/www.inimeo.at\/index.php?rest_route=\/wp\/v2\/pages\/15\/revisions"}],"predecessor-version":[{"id":133,"href":"https:\/\/www.inimeo.at\/index.php?rest_route=\/wp\/v2\/pages\/15\/revisions\/133"}],"wp:attachment":[{"href":"https:\/\/www.inimeo.at\/index.php?rest_route=%2Fwp%2Fv2%2Fmedia&parent=15"}],"curies":[{"name":"wp","href":"https:\/\/api.w.org\/{rel}","templated":true}]}}